{"id":2306,"date":"2021-09-23T13:58:21","date_gmt":"2021-09-23T11:58:21","guid":{"rendered":"https:\/\/www.lichtergarten.at\/?page_id=2306"},"modified":"2025-08-13T12:18:42","modified_gmt":"2025-08-13T10:18:42","slug":"agb","status":"publish","type":"page","link":"https:\/\/www.lichtergarten.at\/en\/agb\/","title":{"rendered":"GTC"},"content":{"rendered":"<div data-elementor-type=\"wp-page\" data-elementor-id=\"2306\" class=\"elementor elementor-2306\" data-elementor-post-type=\"page\">\n\t\t\t\t\t\t<section data-particle_enable=\"false\" data-particle-mobile-disabled=\"false\" class=\"elementor-section elementor-top-section elementor-element elementor-element-33e073d elementor-section-height-min-height snow-bg elementor-section-full_width elementor-section-stretched elementor-section-items-bottom elementor-section-height-default\" data-id=\"33e073d\" data-element_type=\"section\" data-e-type=\"section\" data-settings=\"{&quot;background_background&quot;:&quot;classic&quot;,&quot;stretch_section&quot;:&quot;section-stretched&quot;}\">\n\t\t\t\t\t\t<div class=\"elementor-container elementor-column-gap-no\">\n\t\t\t\t\t<div class=\"elementor-column elementor-col-100 elementor-top-column elementor-element elementor-element-28ebf76\" data-id=\"28ebf76\" data-element_type=\"column\" data-e-type=\"column\">\n\t\t\t<div class=\"elementor-widget-wrap elementor-element-populated\">\n\t\t\t\t\t\t<section data-particle_enable=\"false\" data-particle-mobile-disabled=\"false\" class=\"elementor-section elementor-inner-section elementor-element elementor-element-855f453 elementor-section-boxed elementor-section-height-default elementor-section-height-default elementor-invisible\" data-id=\"855f453\" data-element_type=\"section\" data-e-type=\"section\" data-settings=\"{&quot;animation&quot;:&quot;zoomIn&quot;}\">\n\t\t\t\t\t\t<div class=\"elementor-container elementor-column-gap-default\">\n\t\t\t\t\t<div class=\"elementor-column elementor-col-100 elementor-inner-column elementor-element elementor-element-f74cb6b\" data-id=\"f74cb6b\" data-element_type=\"column\" data-e-type=\"column\">\n\t\t\t<div class=\"elementor-widget-wrap elementor-element-populated\">\n\t\t\t\t\t\t\t<\/div>\n\t\t<\/div>\n\t\t\t\t\t<\/div>\n\t\t<\/section>\n\t\t\t\t\t<\/div>\n\t\t<\/div>\n\t\t\t\t\t<\/div>\n\t\t<\/section>\n\t\t\t\t<section data-particle_enable=\"false\" data-particle-mobile-disabled=\"false\" class=\"elementor-section elementor-top-section elementor-element elementor-element-db18583 elementor-section-boxed elementor-section-height-default elementor-section-height-default\" data-id=\"db18583\" data-element_type=\"section\" data-e-type=\"section\">\n\t\t\t\t\t\t<div class=\"elementor-container elementor-column-gap-default\">\n\t\t\t\t\t<div class=\"elementor-column elementor-col-100 elementor-top-column elementor-element elementor-element-92335cc\" data-id=\"92335cc\" data-element_type=\"column\" data-e-type=\"column\">\n\t\t\t<div class=\"elementor-widget-wrap elementor-element-populated\">\n\t\t\t\t\t\t<section data-particle_enable=\"false\" data-particle-mobile-disabled=\"false\" class=\"elementor-section elementor-inner-section elementor-element elementor-element-e8a0a94 elementor-section-boxed elementor-section-height-default elementor-section-height-default\" data-id=\"e8a0a94\" data-element_type=\"section\" data-e-type=\"section\">\n\t\t\t\t\t\t<div class=\"elementor-container elementor-column-gap-default\">\n\t\t\t\t\t<div class=\"elementor-column elementor-col-100 elementor-inner-column elementor-element elementor-element-c94f9f6\" data-id=\"c94f9f6\" data-element_type=\"column\" data-e-type=\"column\">\n\t\t\t<div class=\"elementor-widget-wrap elementor-element-populated\">\n\t\t\t\t\t\t<div class=\"elementor-element elementor-element-c1c173c elementor-widget elementor-widget-heading\" data-id=\"c1c173c\" data-element_type=\"widget\" data-e-type=\"widget\" data-widget_type=\"heading.default\">\n\t\t\t\t<div class=\"elementor-widget-container\">\n\t\t\t\t\t<h2 class=\"elementor-heading-title elementor-size-default\">Terms and conditions for the Illumina Magical Light Garden event<\/h2>\t\t\t\t<\/div>\n\t\t\t\t<\/div>\n\t\t\t\t\t<\/div>\n\t\t<\/div>\n\t\t\t\t\t<\/div>\n\t\t<\/section>\n\t\t\t\t<div class=\"elementor-element elementor-element-1305604 elementor-widget elementor-widget-text-editor\" data-id=\"1305604\" data-element_type=\"widget\" data-e-type=\"widget\" data-widget_type=\"text-editor.default\">\n\t\t\t\t<div class=\"elementor-widget-container\">\n\t\t\t\t\t\t\t\t\t<p>SUBJECT MATTER OF THE CONTRACT<br>These GTC apply to all visitors to the ILLUMINA event at the Schlosspark Laxenburg location.<\/p>\n<p>EXCHANGE \/ RETURN \/ CANCELLATION OF TICKETS<br>As the organiser provides a service for leisure activities in accordance with these GTC and a specific time has been agreed for this, the right of withdrawal in distance selling in accordance with \u00a711 FAGG is excluded in accordance with \u00a718 Para. 1 Z 10 FAGG. Cancellation of the purchase contract is therefore not possible. Please check before your purchase whether the date and number of tickets are displayed correctly in the shopping basket. A replacement for tickets not used or only partially used (e.g. due to late arrival) is excluded, as is a replacement for lost tickets.<\/p>\n<p>RETURN OF PURCHASED TICKETS (CANCELLATION)<br>If an event day is closed or cancelled by ILLUMINA due to bad weather (storm, thunderstorm, etc.), tickets can be rebooked for an alternative date. Whether an event day is cancelled or the cancellation of an event day will be announced on the homepage www.lichtergarten.at on the day of the event. A refund of the ticket price in the event of a no-show is excluded. Tickets cannot be cancelled due to a postponement by the organiser.<\/p>\n<p>NO EXCHANGE OF TICKETS<br>Tickets cannot generally be exchanged. Tickets with a rebooking option are excluded from this rule. Purchased tickets are valid on the specified date and at the specified time.<\/p>\n<p>CHECKING THE CORRECTNESS OF THE TICKET<br>After purchasing the tickets, the customer is obliged to check that the information printed on them is correct. Complaints must be sent immediately by email to support@magmag.at.<\/p>\n<p>RIGHT OF RESIDENCE<br>During ILLUMINA's operating hours, access to the premises is only permitted with a valid admission ticket. The admission ticket entitles the holder to one entry on the specified day at the specified time. All admission tickets are cancelled electronically upon entering the event area. The ticket therefore loses its validity when leaving the event venue. The event site must be left by the applicable closing time.<\/p>\n<p>ADMISSIBILITY OF SOUND, IMAGE OR FILM RECORDINGS<br>Das Filmen und Fotografieren ist w\u00e4hrend dem Besuch zu privaten Zwecken erlaubt.<\/p>\n<p>PHOTOGRAPHY AND VIDEO RECORDINGS BY THE ORGANISER<br>Photos and videos will be taken during the event. By purchasing a ticket and participating in the event, participants agree that these recordings may be used by the organiser Illumina Lichtergarten GmbH for the following purposes:<\/p>\n<ul>\n<li>Public relations (e.g. reporting in the press)<\/li>\n<li>Advertising (print media, online media, social media, on-site)\n<br><br><\/li>\n<\/ul>\n<p>If participants do not wish to be photographed or filmed, please inform our staff on site. In this case, we will take appropriate measures to avoid recording.<\/p>\n<p>INSTRUCTIONS<br>The (safety) instructions of the event and security staff, whether given over the loudspeaker or in person, must be followed immediately and without fail. Failure to comply with instructions may result in expulsion from the event venue.<\/p>\n<p>PLACE REFERENCE<br>Arbitrary non-observance of (safety) instructions, brawling, drunkenness, drug consumption, littering, disturbance of the peace, disturbance of public decency and the like may lead to expulsion from the premises. In such cases, the entrance fee will not be refunded.<\/p>\n<p>REGULATION IN THE EVENT OF CANCELLATION\/CANCELLATION OF THE EVENT FOR REASONS OF FORCE MAJEURE<br>If the event has to be cancelled due to force majeure, visitors will receive a voucher for an alternative date.<\/p>\n<p>INDEMNIFICATION AND DEFENCE<br>The organiser shall be indemnified and held harmless by the visitor against the owner of the event venue for any damage caused unlawfully and culpably by the visitor.<\/p>\n<p>ROUTING &amp; PATHS<br>The illuminated and marked paths may not be left. The tour may only be walked in the marked one-way direction.<\/p>\n<p>SEVERABILITY CLAUSE<br>The invalidity of individual provisions of these GTC shall not affect the validity of the remaining provisions of these GTC. The invalid clause shall be replaced by a clause that comes closest to the economic and legal purpose of the invalid clause.<\/p>\t\t\t\t\t\t\t\t<\/div>\n\t\t\t\t<\/div>\n\t\t\t\t\t<\/div>\n\t\t<\/div>\n\t\t\t\t\t<\/div>\n\t\t<\/section>\n\t\t\t\t<section data-particle_enable=\"false\" data-particle-mobile-disabled=\"false\" class=\"elementor-section elementor-top-section elementor-element elementor-element-76a59a4 elementor-section-boxed elementor-section-height-default elementor-section-height-default\" data-id=\"76a59a4\" data-element_type=\"section\" data-e-type=\"section\">\n\t\t\t\t\t\t<div class=\"elementor-container elementor-column-gap-default\">\n\t\t\t\t\t<div class=\"elementor-column elementor-col-100 elementor-top-column elementor-element elementor-element-463f3ee\" data-id=\"463f3ee\" data-element_type=\"column\" data-e-type=\"column\">\n\t\t\t<div class=\"elementor-widget-wrap\">\n\t\t\t\t\t\t\t<\/div>\n\t\t<\/div>\n\t\t\t\t\t<\/div>\n\t\t<\/section>\n\t\t\t\t<\/div>","protected":false},"excerpt":{"rendered":"<p>AGB f\u00fcr die Veranstaltung Illumina Magischer Lichtergarten VERTRAGSGEGENSTANDDiese AGB gelten f\u00fcr alle Besucher*innen der Veranstaltung ILLUMINA am Standort Schlosspark Laxenburg. UMTAUSCH \/ R\u00dcCKGABE \/ STORNO VON EINTRITTSKARTENDa seitens des Veranstalters gem\u00e4\u00df diesen AGB eine Dienstleistung zur Freizeitbet\u00e4tigung erbracht wird und f\u00fcr diese ein bestimmter Zeitpunkt vereinbart ist, ist das R\u00fccktrittsrecht im Fernabsatz nach \u00a711 FAGG [&hellip;]<\/p>\n","protected":false},"author":2,"featured_media":7289,"parent":0,"menu_order":0,"comment_status":"closed","ping_status":"closed","template":"","meta":{"footnotes":""},"class_list":["post-2306","page","type-page","status-publish","has-post-thumbnail","hentry"],"_links":{"self":[{"href":"https:\/\/www.lichtergarten.at\/en\/wp-json\/wp\/v2\/pages\/2306","targetHints":{"allow":["GET"]}}],"collection":[{"href":"https:\/\/www.lichtergarten.at\/en\/wp-json\/wp\/v2\/pages"}],"about":[{"href":"https:\/\/www.lichtergarten.at\/en\/wp-json\/wp\/v2\/types\/page"}],"author":[{"embeddable":true,"href":"https:\/\/www.lichtergarten.at\/en\/wp-json\/wp\/v2\/users\/2"}],"replies":[{"embeddable":true,"href":"https:\/\/www.lichtergarten.at\/en\/wp-json\/wp\/v2\/comments?post=2306"}],"version-history":[{"count":0,"href":"https:\/\/www.lichtergarten.at\/en\/wp-json\/wp\/v2\/pages\/2306\/revisions"}],"wp:featuredmedia":[{"embeddable":true,"href":"https:\/\/www.lichtergarten.at\/en\/wp-json\/wp\/v2\/media\/7289"}],"wp:attachment":[{"href":"https:\/\/www.lichtergarten.at\/en\/wp-json\/wp\/v2\/media?parent=2306"}],"curies":[{"name":"wp","href":"https:\/\/api.w.org\/{rel}","templated":true}]}}